{"id":13,"date":"2025-12-27T20:23:58","date_gmt":"2025-12-27T19:23:58","guid":{"rendered":"https:\/\/audiolive.linkinmedia.cl\/?page_id=13"},"modified":"2025-12-28T03:46:04","modified_gmt":"2025-12-28T02:46:04","slug":"home","status":"publish","type":"page","link":"https:\/\/audiolive.linkinmedia.cl\/","title":{"rendered":"HOME"},"content":{"rendered":"\t\t<div data-elementor-type=\"wp-page\" data-elementor-id=\"13\" class=\"elementor elementor-13\">\n\t\t\t\t<div class=\"elementor-element elementor-element-40e790e e-flex e-con-boxed e-con e-parent\" data-id=\"40e790e\" data-element_type=\"container\">\n\t\t\t\t\t<div class=\"e-con-inner\">\n\t\t\t\t<div class=\"elementor-element elementor-element-5db4342 elementor-widget elementor-widget-spacer\" data-id=\"5db4342\" data-element_type=\"widget\" data-widget_type=\"spacer.default\">\n\t\t\t\t\t\t\t<div class=\"elementor-spacer\">\n\t\t\t<div class=\"elementor-spacer-inner\"><\/div>\n\t\t<\/div>\n\t\t\t\t\t\t<\/div>\n\t\t\t\t\t<\/div>\n\t\t\t\t<\/div>\n\t\t<div class=\"elementor-element elementor-element-7f0f87f e-con-full e-flex e-con e-parent\" data-id=\"7f0f87f\" data-element_type=\"container\">\n\t\t\t\t<div class=\"elementor-element elementor-element-ad5bc86 elementor-widget elementor-widget-image\" data-id=\"ad5bc86\" data-element_type=\"widget\" data-widget_type=\"image.default\">\n\t\t\t\t\t\t\t\t\t\t\t\t\t\t\t<img fetchpriority=\"high\" decoding=\"async\" width=\"2016\" height=\"1151\" src=\"https:\/\/audiolive.linkinmedia.cl\/wp-content\/uploads\/2025\/12\/IMG_5081ok-1.jpg\" class=\"attachment-full size-full wp-image-291\" alt=\"\" srcset=\"https:\/\/audiolive.linkinmedia.cl\/wp-content\/uploads\/2025\/12\/IMG_5081ok-1.jpg 2016w, https:\/\/audiolive.linkinmedia.cl\/wp-content\/uploads\/2025\/12\/IMG_5081ok-1-300x171.jpg 300w, https:\/\/audiolive.linkinmedia.cl\/wp-content\/uploads\/2025\/12\/IMG_5081ok-1-1024x585.jpg 1024w, https:\/\/audiolive.linkinmedia.cl\/wp-content\/uploads\/2025\/12\/IMG_5081ok-1-768x438.jpg 768w, https:\/\/audiolive.linkinmedia.cl\/wp-content\/uploads\/2025\/12\/IMG_5081ok-1-1536x877.jpg 1536w\" sizes=\"(max-width: 2016px) 100vw, 2016px\" \/>\t\t\t\t\t\t\t\t\t\t\t\t\t\t\t<\/div>\n\t\t\t\t<\/div>\n\t\t<div class=\"elementor-element elementor-element-2af27aa animated-slow e-flex e-con-boxed elementor-invisible e-con e-parent\" data-id=\"2af27aa\" data-element_type=\"container\" data-settings=\"{&quot;position&quot;:&quot;absolute&quot;,&quot;animation&quot;:&quot;fadeIn&quot;,&quot;animation_delay&quot;:0}\">\n\t\t\t\t\t<div class=\"e-con-inner\">\n\t\t<div class=\"elementor-element elementor-element-362d59c e-grid e-con-full e-con e-child\" data-id=\"362d59c\" data-element_type=\"container\">\n\t\t\t\t<div class=\"elementor-element elementor-element-0a38ad4 elementor-widget elementor-widget-image\" data-id=\"0a38ad4\" data-element_type=\"widget\" data-widget_type=\"image.default\">\n\t\t\t\t\t\t\t\t\t\t\t\t\t\t\t<img decoding=\"async\" width=\"775\" height=\"147\" src=\"https:\/\/audiolive.linkinmedia.cl\/wp-content\/uploads\/2025\/12\/LOGOTIPO-AUDIOLIVE-NegroWEB-e1766872927165.png\" class=\"attachment-full size-full wp-image-199\" alt=\"\" srcset=\"https:\/\/audiolive.linkinmedia.cl\/wp-content\/uploads\/2025\/12\/LOGOTIPO-AUDIOLIVE-NegroWEB-e1766872927165.png 775w, https:\/\/audiolive.linkinmedia.cl\/wp-content\/uploads\/2025\/12\/LOGOTIPO-AUDIOLIVE-NegroWEB-e1766872927165-300x57.png 300w, https:\/\/audiolive.linkinmedia.cl\/wp-content\/uploads\/2025\/12\/LOGOTIPO-AUDIOLIVE-NegroWEB-e1766872927165-768x146.png 768w\" sizes=\"(max-width: 775px) 100vw, 775px\" \/>\t\t\t\t\t\t\t\t\t\t\t\t\t\t\t<\/div>\n\t\t\t\t<div class=\"elementor-element elementor-element-dc01f32 elementor-widget elementor-widget-heading\" data-id=\"dc01f32\" data-element_type=\"widget\" data-widget_type=\"heading.default\">\n\t\t\t\t\t<h1 class=\"elementor-heading-title elementor-size-default\">PRODUCCI\u00d3N T\u00c9CNICA PARA EVENTOS<\/h1>\t\t\t\t<\/div>\n\t\t\t\t<div class=\"elementor-element elementor-element-2720ca6 elementor-widget__width-initial elementor-widget elementor-widget-heading\" data-id=\"2720ca6\" data-element_type=\"widget\" data-widget_type=\"heading.default\">\n\t\t\t\t\t<h6 class=\"elementor-heading-title elementor-size-default\">Somos especialistas en producci\u00f3n t\u00e9cnica para eventos, ofreciendo soluciones integrales de sonido, iluminaci\u00f3n, video y escenograf\u00eda para asegurar el \u00e9xito de su evento.<\/h6>\t\t\t\t<\/div>\n\t\t\t\t<\/div>\n\t\t\t\t\t<\/div>\n\t\t\t\t<\/div>\n\t\t<div class=\"elementor-element elementor-element-9175ffe e-flex e-con-boxed elementor-invisible e-con e-parent\" data-id=\"9175ffe\" data-element_type=\"container\" data-settings=\"{&quot;position&quot;:&quot;absolute&quot;,&quot;animation&quot;:&quot;fadeIn&quot;,&quot;animation_delay&quot;:300}\">\n\t\t\t\t\t<div class=\"e-con-inner\">\n\t\t\t\t<div class=\"elementor-element elementor-element-c513257 elementor-align-center elementor-widget elementor-widget-button\" data-id=\"c513257\" data-element_type=\"widget\" data-widget_type=\"button.default\">\n\t\t\t\t\t\t\t\t\t\t<a class=\"elementor-button elementor-button-link elementor-size-sm\" href=\"#\">\n\t\t\t\t\t\t<span class=\"elementor-button-content-wrapper\">\n\t\t\t\t\t\t\t\t\t<span class=\"elementor-button-text\">COTIZE SU SERVICIO<\/span>\n\t\t\t\t\t<\/span>\n\t\t\t\t\t<\/a>\n\t\t\t\t\t\t\t\t<\/div>\n\t\t\t\t\t<\/div>\n\t\t\t\t<\/div>\n\t\t<div class=\"elementor-element elementor-element-7f19a8d e-flex e-con-boxed e-con e-parent\" data-id=\"7f19a8d\" data-element_type=\"container\" data-settings=\"{&quot;background_background&quot;:&quot;classic&quot;}\">\n\t\t\t\t\t<div class=\"e-con-inner\">\n\t\t\t\t<div class=\"elementor-element elementor-element-5c4eb02 elementor-widget elementor-widget-spacer\" data-id=\"5c4eb02\" data-element_type=\"widget\" data-widget_type=\"spacer.default\">\n\t\t\t\t\t\t\t<div class=\"elementor-spacer\">\n\t\t\t<div class=\"elementor-spacer-inner\"><\/div>\n\t\t<\/div>\n\t\t\t\t\t\t<\/div>\n\t\t\t\t\t<\/div>\n\t\t\t\t<\/div>\n\t\t<div class=\"elementor-element elementor-element-7357897 e-flex e-con-boxed e-con e-parent\" data-id=\"7357897\" data-element_type=\"container\" data-settings=\"{&quot;background_background&quot;:&quot;classic&quot;}\">\n\t\t\t\t\t<div class=\"e-con-inner\">\n\t\t<div class=\"elementor-element elementor-element-1610620 e-con-full e-flex e-con e-child\" data-id=\"1610620\" data-element_type=\"container\">\n\t\t\t\t<div class=\"elementor-element elementor-element-bdb7c1d elementor-widget elementor-widget-heading\" data-id=\"bdb7c1d\" data-element_type=\"widget\" data-widget_type=\"heading.default\">\n\t\t\t\t\t<h2 class=\"elementor-heading-title elementor-size-default\">SERVICIOS<\/h2>\t\t\t\t<\/div>\n\t\t\t\t<\/div>\n\t\t<div class=\"elementor-element elementor-element-cb3fc34 e-con-full e-flex e-con e-child\" data-id=\"cb3fc34\" data-element_type=\"container\">\n\t\t\t\t<\/div>\n\t\t<div class=\"elementor-element elementor-element-c283455 e-con-full e-flex e-con e-child\" data-id=\"c283455\" data-element_type=\"container\">\n\t\t\t\t<div class=\"elementor-element elementor-element-d9ad8d4 elementor-widget elementor-widget-html\" data-id=\"d9ad8d4\" data-element_type=\"widget\" data-widget_type=\"html.default\">\n\t\t\t\t\t<section id=\"servicios\"><\/section>\t\t\t\t<\/div>\n\t\t\t\t<\/div>\n\t\t\t\t\t<\/div>\n\t\t\t\t<\/div>\n\t\t<div class=\"elementor-element elementor-element-c39aa87 e-flex e-con-boxed e-con e-parent\" data-id=\"c39aa87\" data-element_type=\"container\" data-settings=\"{&quot;background_background&quot;:&quot;classic&quot;}\">\n\t\t\t\t\t<div class=\"e-con-inner\">\n\t\t\t\t<div class=\"elementor-element elementor-element-63310d1 elementor-widget-divider--view-line elementor-widget elementor-widget-divider\" data-id=\"63310d1\" data-element_type=\"widget\" data-widget_type=\"divider.default\">\n\t\t\t\t\t\t\t<div class=\"elementor-divider\">\n\t\t\t<span class=\"elementor-divider-separator\">\n\t\t\t\t\t\t<\/span>\n\t\t<\/div>\n\t\t\t\t\t\t<\/div>\n\t\t\t\t<div class=\"elementor-element elementor-element-c2d838e elementor-grid-5 elementor-posts--align-center elementor-grid-tablet-2 elementor-grid-mobile-1 elementor-widget elementor-widget-post-card-elementor-widget\" data-id=\"c2d838e\" data-element_type=\"widget\" data-settings=\"{&quot;post_card_columns&quot;:&quot;5&quot;,&quot;post_card_grid_gap&quot;:{&quot;unit&quot;:&quot;px&quot;,&quot;size&quot;:0,&quot;sizes&quot;:[]},&quot;post_card_row_gap&quot;:{&quot;unit&quot;:&quot;px&quot;,&quot;size&quot;:14,&quot;sizes&quot;:[]},&quot;post_card_columns_tablet&quot;:&quot;2&quot;,&quot;post_card_columns_mobile&quot;:&quot;1&quot;}\" data-widget_type=\"post-card-elementor-widget.default\">\n\t\t\t\t<div class=\"elementor-widget-container\">\n\t\t\t\t\t \r\n            <div class=\"post_card grid-container post-card-grid-gap elementor-grid post-card-style-6 elementor-grid-5\" > \r\n                <div class=\"post-card-style-6 card card3_style\" style=\"background-image: url('https:\/\/audiolive.linkinmedia.cl\/wp-content\/uploads\/2025\/12\/IMG_5081-3.jpg'); background-size: contain; background-repeat: no-repeat;\">\r\n\r\n    <div class=\"card-info-hover\">\r\n\r\n        <div class=\"card-clock-info\">\r\n                    <\/div>\r\n\r\n    <\/div>\r\n\r\n    <div class=\"card-img\" style=\"background-image: url('https:\/\/audiolive.linkinmedia.cl\/wp-content\/uploads\/2025\/12\/IMG_5081-3.jpg');\"><\/div>\r\n\r\n    <a href=\"https:\/\/audiolive.linkinmedia.cl\/index.php\/2025\/12\/28\/sonido-e-iluminacion\/\" class=\"card-link\">\r\n        <div class=\"card-img-hover\"><\/div>\r\n    <\/a>\r\n\r\n    <div class=\"card-info post-content post_bg\">\r\n        <div class=\"card-category card_meta post-card_category\">\r\n            <a class=\"category \"><span class=\"cat-links\"><span class=\"screen-reader-text\">Posted in<\/span><a href=\"https:\/\/audiolive.linkinmedia.cl\/index.php\/category\/servicios\/\" rel=\"category tag\">Servicios<\/a><\/span><\/a>\r\n        <\/div>\r\n                    <h4 class=\"card-title card_title \">\r\n            <a href=\"https:\/\/audiolive.linkinmedia.cl\/index.php\/2025\/12\/28\/sonido-e-iluminacion\/\">SONIDO E ILUMINACION<\/a>\r\n            <\/h4>\r\n            \t\t \r\n                <p class=\"description post-card_excerpt post-card-alignment\">\r\n                    Transformamos espacios con\u00a0soluciones integrales de sonido                <\/p>\r\n             \r\n        <div class=\"card-by\">\r\n            <div class=\"card-author card_aling\">\r\n                            <\/div>\r\n        <\/div>\r\n    <\/div>\r\n<\/div>\r\n<div class=\"post-card-style-6 card card3_style\" style=\"background-image: url('https:\/\/audiolive.linkinmedia.cl\/wp-content\/uploads\/2025\/12\/IMG_5081-3.jpg'); background-size: contain; background-repeat: no-repeat;\">\r\n\r\n    <div class=\"card-info-hover\">\r\n\r\n        <div class=\"card-clock-info\">\r\n                    <\/div>\r\n\r\n    <\/div>\r\n\r\n    <div class=\"card-img\" style=\"background-image: url('https:\/\/audiolive.linkinmedia.cl\/wp-content\/uploads\/2025\/12\/IMG_5081-3.jpg');\"><\/div>\r\n\r\n    <a href=\"https:\/\/audiolive.linkinmedia.cl\/index.php\/2025\/12\/28\/carpas-y-escenarios\/\" class=\"card-link\">\r\n        <div class=\"card-img-hover\"><\/div>\r\n    <\/a>\r\n\r\n    <div class=\"card-info post-content post_bg\">\r\n        <div class=\"card-category card_meta post-card_category\">\r\n            <a class=\"category \"><span class=\"cat-links\"><span class=\"screen-reader-text\">Posted in<\/span><a href=\"https:\/\/audiolive.linkinmedia.cl\/index.php\/category\/servicios\/\" rel=\"category tag\">Servicios<\/a><\/span><\/a>\r\n        <\/div>\r\n                    <h4 class=\"card-title card_title \">\r\n            <a href=\"https:\/\/audiolive.linkinmedia.cl\/index.php\/2025\/12\/28\/carpas-y-escenarios\/\">CARPAS Y ESCENARIOS<\/a>\r\n            <\/h4>\r\n            \t\t \r\n                <p class=\"description post-card_excerpt post-card-alignment\">\r\n                    Transformamos espacios con\u00a0soluciones integrales de sonido                <\/p>\r\n             \r\n        <div class=\"card-by\">\r\n            <div class=\"card-author card_aling\">\r\n                            <\/div>\r\n        <\/div>\r\n    <\/div>\r\n<\/div>\r\n<div class=\"post-card-style-6 card card3_style\" style=\"background-image: url('https:\/\/audiolive.linkinmedia.cl\/wp-content\/uploads\/2025\/12\/IMG_5081-3.jpg'); background-size: contain; background-repeat: no-repeat;\">\r\n\r\n    <div class=\"card-info-hover\">\r\n\r\n        <div class=\"card-clock-info\">\r\n                    <\/div>\r\n\r\n    <\/div>\r\n\r\n    <div class=\"card-img\" style=\"background-image: url('https:\/\/audiolive.linkinmedia.cl\/wp-content\/uploads\/2025\/12\/IMG_5081-3.jpg');\"><\/div>\r\n\r\n    <a href=\"https:\/\/audiolive.linkinmedia.cl\/index.php\/2025\/12\/28\/pantallas-led-y-generadores\/\" class=\"card-link\">\r\n        <div class=\"card-img-hover\"><\/div>\r\n    <\/a>\r\n\r\n    <div class=\"card-info post-content post_bg\">\r\n        <div class=\"card-category card_meta post-card_category\">\r\n            <a class=\"category \"><span class=\"cat-links\"><span class=\"screen-reader-text\">Posted in<\/span><a href=\"https:\/\/audiolive.linkinmedia.cl\/index.php\/category\/servicios\/\" rel=\"category tag\">Servicios<\/a><\/span><\/a>\r\n        <\/div>\r\n                    <h4 class=\"card-title card_title \">\r\n            <a href=\"https:\/\/audiolive.linkinmedia.cl\/index.php\/2025\/12\/28\/pantallas-led-y-generadores\/\">PANTALLAS LED Y GENERADORES<\/a>\r\n            <\/h4>\r\n            \t\t \r\n                <p class=\"description post-card_excerpt post-card-alignment\">\r\n                    Transformamos espacios con\u00a0soluciones integrales de sonido                <\/p>\r\n             \r\n        <div class=\"card-by\">\r\n            <div class=\"card-author card_aling\">\r\n                            <\/div>\r\n        <\/div>\r\n    <\/div>\r\n<\/div>\r\n<div class=\"post-card-style-6 card card3_style\" style=\"background-image: url('https:\/\/audiolive.linkinmedia.cl\/wp-content\/uploads\/2025\/12\/IMG_5081-3.jpg'); background-size: contain; background-repeat: no-repeat;\">\r\n\r\n    <div class=\"card-info-hover\">\r\n\r\n        <div class=\"card-clock-info\">\r\n                    <\/div>\r\n\r\n    <\/div>\r\n\r\n    <div class=\"card-img\" style=\"background-image: url('https:\/\/audiolive.linkinmedia.cl\/wp-content\/uploads\/2025\/12\/IMG_5081-3.jpg');\"><\/div>\r\n\r\n    <a href=\"https:\/\/audiolive.linkinmedia.cl\/index.php\/2025\/12\/28\/booking-de-artistas\/\" class=\"card-link\">\r\n        <div class=\"card-img-hover\"><\/div>\r\n    <\/a>\r\n\r\n    <div class=\"card-info post-content post_bg\">\r\n        <div class=\"card-category card_meta post-card_category\">\r\n            <a class=\"category \"><span class=\"cat-links\"><span class=\"screen-reader-text\">Posted in<\/span><a href=\"https:\/\/audiolive.linkinmedia.cl\/index.php\/category\/servicios\/\" rel=\"category tag\">Servicios<\/a><\/span><\/a>\r\n        <\/div>\r\n                    <h4 class=\"card-title card_title \">\r\n            <a href=\"https:\/\/audiolive.linkinmedia.cl\/index.php\/2025\/12\/28\/booking-de-artistas\/\">BOOKING DE ARTISTAS<\/a>\r\n            <\/h4>\r\n            \t\t \r\n                <p class=\"description post-card_excerpt post-card-alignment\">\r\n                    Transformamos espacios con\u00a0soluciones integrales de sonido                <\/p>\r\n             \r\n        <div class=\"card-by\">\r\n            <div class=\"card-author card_aling\">\r\n                            <\/div>\r\n        <\/div>\r\n    <\/div>\r\n<\/div>\r\n<div class=\"post-card-style-6 card card3_style\" style=\"background-image: url('https:\/\/audiolive.linkinmedia.cl\/wp-content\/uploads\/2025\/12\/IMG_5081-3.jpg'); background-size: contain; background-repeat: no-repeat;\">\r\n\r\n    <div class=\"card-info-hover\">\r\n\r\n        <div class=\"card-clock-info\">\r\n                    <\/div>\r\n\r\n    <\/div>\r\n\r\n    <div class=\"card-img\" style=\"background-image: url('https:\/\/audiolive.linkinmedia.cl\/wp-content\/uploads\/2025\/12\/IMG_5081-3.jpg');\"><\/div>\r\n\r\n    <a href=\"https:\/\/audiolive.linkinmedia.cl\/index.php\/2025\/12\/28\/servicios-audiovisuales\/\" class=\"card-link\">\r\n        <div class=\"card-img-hover\"><\/div>\r\n    <\/a>\r\n\r\n    <div class=\"card-info post-content post_bg\">\r\n        <div class=\"card-category card_meta post-card_category\">\r\n            <a class=\"category \"><span class=\"cat-links\"><span class=\"screen-reader-text\">Posted in<\/span><a href=\"https:\/\/audiolive.linkinmedia.cl\/index.php\/category\/servicios\/\" rel=\"category tag\">Servicios<\/a><\/span><\/a>\r\n        <\/div>\r\n                    <h4 class=\"card-title card_title \">\r\n            <a href=\"https:\/\/audiolive.linkinmedia.cl\/index.php\/2025\/12\/28\/servicios-audiovisuales\/\">SERVICIOS AUDIOVISUALES<\/a>\r\n            <\/h4>\r\n            \t\t \r\n                <p class=\"description post-card_excerpt post-card-alignment\">\r\n                    Transformamos espacios con\u00a0soluciones integrales de sonido                <\/p>\r\n             \r\n        <div class=\"card-by\">\r\n            <div class=\"card-author card_aling\">\r\n                            <\/div>\r\n        <\/div>\r\n    <\/div>\r\n<\/div>\r\n            <\/div> \r\n            \t\t\t\t<\/div>\n\t\t\t\t<\/div>\n\t\t\t\t\t<\/div>\n\t\t\t\t<\/div>\n\t\t<div class=\"elementor-element elementor-element-b797ee9 e-flex e-con-boxed e-con e-parent\" data-id=\"b797ee9\" data-element_type=\"container\" data-settings=\"{&quot;background_background&quot;:&quot;classic&quot;}\">\n\t\t\t\t\t<div class=\"e-con-inner\">\n\t\t\t\t<div class=\"elementor-element elementor-element-118dbfc elementor-widget elementor-widget-spacer\" data-id=\"118dbfc\" data-element_type=\"widget\" data-widget_type=\"spacer.default\">\n\t\t\t\t\t\t\t<div class=\"elementor-spacer\">\n\t\t\t<div class=\"elementor-spacer-inner\"><\/div>\n\t\t<\/div>\n\t\t\t\t\t\t<\/div>\n\t\t\t\t\t<\/div>\n\t\t\t\t<\/div>\n\t\t<div class=\"elementor-element elementor-element-7d5d6e1 e-flex e-con-boxed e-con e-parent\" data-id=\"7d5d6e1\" data-element_type=\"container\" data-settings=\"{&quot;background_background&quot;:&quot;classic&quot;}\">\n\t\t\t\t\t<div class=\"e-con-inner\">\n\t\t<div class=\"elementor-element elementor-element-963826e e-con-full e-flex e-con e-child\" data-id=\"963826e\" data-element_type=\"container\">\n\t\t\t\t<div class=\"elementor-element elementor-element-a539642 elementor-widget elementor-widget-heading\" data-id=\"a539642\" data-element_type=\"widget\" data-widget_type=\"heading.default\">\n\t\t\t\t\t<h2 class=\"elementor-heading-title elementor-size-default\">QUIENES SOMOS<\/h2>\t\t\t\t<\/div>\n\t\t\t\t<\/div>\n\t\t<div class=\"elementor-element elementor-element-e51ffc3 e-con-full e-flex e-con e-child\" data-id=\"e51ffc3\" data-element_type=\"container\">\n\t\t\t\t<\/div>\n\t\t<div class=\"elementor-element elementor-element-e048929 e-con-full e-flex e-con e-child\" data-id=\"e048929\" data-element_type=\"container\">\n\t\t\t\t<\/div>\n\t\t<div class=\"elementor-element elementor-element-2040e12 e-con-full e-flex e-con e-child\" data-id=\"2040e12\" data-element_type=\"container\">\n\t\t\t\t<\/div>\n\t\t\t\t\t<\/div>\n\t\t\t\t<\/div>\n\t\t<div class=\"elementor-element elementor-element-e5354a6 e-flex e-con-boxed e-con e-parent\" data-id=\"e5354a6\" data-element_type=\"container\" data-settings=\"{&quot;background_background&quot;:&quot;classic&quot;}\">\n\t\t\t\t\t<div class=\"e-con-inner\">\n\t\t\t\t<div class=\"elementor-element elementor-element-12540fd elementor-widget-divider--view-line elementor-widget elementor-widget-divider\" data-id=\"12540fd\" data-element_type=\"widget\" data-widget_type=\"divider.default\">\n\t\t\t\t\t\t\t<div class=\"elementor-divider\">\n\t\t\t<span class=\"elementor-divider-separator\">\n\t\t\t\t\t\t<\/span>\n\t\t<\/div>\n\t\t\t\t\t\t<\/div>\n\t\t\t\t\t<\/div>\n\t\t\t\t<\/div>\n\t\t<div class=\"elementor-element elementor-element-90d65c7 e-flex e-con-boxed e-con e-parent\" data-id=\"90d65c7\" data-element_type=\"container\" data-settings=\"{&quot;background_background&quot;:&quot;classic&quot;}\">\n\t\t\t\t\t<div class=\"e-con-inner\">\n\t\t\t\t<div class=\"elementor-element elementor-element-da48d17 elementor-widget elementor-widget-heading\" data-id=\"da48d17\" data-element_type=\"widget\" data-widget_type=\"heading.default\">\n\t\t\t\t\t<h5 class=\"elementor-heading-title elementor-size-default\">Somos empresa con mas de 10 a\u00f1os de experiencia dedicada a la producci\u00f3n tecnica para eventos, especializada en refuerzo sonoro que cuenta con una amplia gama de servicios, entre ellas iluminaci\u00f3n profesional, grupos electr\u00f3genos, carpas y escenarios, booking de artistas .<\/h5>\t\t\t\t<\/div>\n\t\t\t\t\t<\/div>\n\t\t\t\t<\/div>\n\t\t\t\t<\/div>\n\t\t","protected":false},"excerpt":{"rendered":"<p>PRODUCCI\u00d3N T\u00c9CNICA PARA EVENTOS Somos especialistas en producci\u00f3n t\u00e9cnica para eventos, ofreciendo soluciones integrales de sonido, iluminaci\u00f3n, video y escenograf\u00eda [&hellip;]<\/p>\n","protected":false},"author":1,"featured_media":0,"parent":0,"menu_order":0,"comment_status":"closed","ping_status":"closed","template":"","meta":{"site-sidebar-layout":"no-sidebar","site-content-layout":"","ast-site-content-layout":"full-width-container","site-content-style":"default","site-sidebar-style":"default","ast-global-header-display":"","ast-banner-title-visibility":"","ast-main-header-display":"","ast-hfb-above-header-display":"","ast-hfb-below-header-display":"","ast-hfb-mobile-header-display":"","site-post-title":"disabled","ast-breadcrumbs-content":"","ast-featured-img":"","footer-sml-layout":"","ast-disable-related-posts":"","theme-transparent-header-meta":"","adv-header-id-meta":"","stick-header-meta":"","header-above-stick-meta":"","header-main-stick-meta":"","header-below-stick-meta":"","astra-migrate-meta-layouts":"default","ast-page-background-enabled":"default","ast-page-background-meta":{"desktop":{"background-color":"var(--ast-global-color-5)","background-image":"","background-repeat":"repeat","background-position":"center center","background-size":"auto","background-attachment":"scroll","background-type":"","background-media":"","overlay-type":"","overlay-color":"","overlay-opacity":"","overlay-gradient":""},"tablet":{"background-color":"","background-image":"","background-repeat":"repeat","background-position":"center center","background-size":"auto","background-attachment":"scroll","background-type":"","background-media":"","overlay-type":"","overlay-color":"","overlay-opacity":"","overlay-gradient":""},"mobile":{"background-color":"","background-image":"","background-repeat":"repeat","background-position":"center center","background-size":"auto","background-attachment":"scroll","background-type":"","background-media":"","overlay-type":"","overlay-color":"","overlay-opacity":"","overlay-gradient":""}},"ast-content-background-meta":{"desktop":{"background-color":"var(--ast-global-color-4)","background-image":"","background-repeat":"repeat","background-position":"center center","background-size":"auto","background-attachment":"scroll","background-type":"","background-media":"","overlay-type":"","overlay-color":"","overlay-opacity":"","overlay-gradient":""},"tablet":{"background-color":"var(--ast-global-color-4)","background-image":"","background-repeat":"repeat","background-position":"center center","background-size":"auto","background-attachment":"scroll","background-type":"","background-media":"","overlay-type":"","overlay-color":"","overlay-opacity":"","overlay-gradient":""},"mobile":{"background-color":"var(--ast-global-color-4)","background-image":"","background-repeat":"repeat","background-position":"center center","background-size":"auto","background-attachment":"scroll","background-type":"","background-media":"","overlay-type":"","overlay-color":"","overlay-opacity":"","overlay-gradient":""}},"footnotes":""},"class_list":["post-13","page","type-page","status-publish","hentry"],"_links":{"self":[{"href":"https:\/\/audiolive.linkinmedia.cl\/index.php\/wp-json\/wp\/v2\/pages\/13","targetHints":{"allow":["GET"]}}],"collection":[{"href":"https:\/\/audiolive.linkinmedia.cl\/index.php\/wp-json\/wp\/v2\/pages"}],"about":[{"href":"https:\/\/audiolive.linkinmedia.cl\/index.php\/wp-json\/wp\/v2\/types\/page"}],"author":[{"embeddable":true,"href":"https:\/\/audiolive.linkinmedia.cl\/index.php\/wp-json\/wp\/v2\/users\/1"}],"replies":[{"embeddable":true,"href":"https:\/\/audiolive.linkinmedia.cl\/index.php\/wp-json\/wp\/v2\/comments?post=13"}],"version-history":[{"count":355,"href":"https:\/\/audiolive.linkinmedia.cl\/index.php\/wp-json\/wp\/v2\/pages\/13\/revisions"}],"predecessor-version":[{"id":460,"href":"https:\/\/audiolive.linkinmedia.cl\/index.php\/wp-json\/wp\/v2\/pages\/13\/revisions\/460"}],"wp:attachment":[{"href":"https:\/\/audiolive.linkinmedia.cl\/index.php\/wp-json\/wp\/v2\/media?parent=13"}],"curies":[{"name":"wp","href":"https:\/\/api.w.org\/{rel}","templated":true}]}}